{"id":31,"date":"2016-07-18T08:20:18","date_gmt":"2016-07-18T08:20:18","guid":{"rendered":"http:\/\/kg.serverma.de\/WordPress\/?page_id=31"},"modified":"2026-01-12T15:41:20","modified_gmt":"2026-01-12T13:41:20","slug":"yogakurse-und-kursorte","status":"publish","type":"page","link":"https:\/\/kos11.server-abheyden-webhosting.de\/?page_id=31","title":{"rendered":"Kurse &#038; Kursorte"},"content":{"rendered":"<p>Die Pr\u00e4senzkurse sind Tertialkurse (3 Kursperioden pro Jahr: Oktober bis J\u00e4nner \/ Februar bis Mai \/ Juni bis September), ein Einstieg ist aber jederzeit m\u00f6glich, sofern Kurspl\u00e4tze frei sind. Herzliche Einladung zu einer Probestunde im Manipurahof M\u00fcllendorf oder Online!<br \/>\n<br \/>\n<a href=\"https:\/\/www.manipura.at\/\" target=\"_blank\" rel=\"noopener noreferrer\">Aktuelle  Infos \u00fcber PR\u00c4SENZ- und ONLINE-KLASSEN<\/a><br \/>\n<br \/>\n<a href=\"mailto:dieter.strehly@gmx.at?subject=Zenyoga Probestunde\">Anmeldung<\/a><\/p>\n<p><\/p>\n<hr \/>\n","protected":false},"excerpt":{"rendered":"<p>Die Pr\u00e4senzkurse sind Tertialkurse (3 Kursperioden pro Jahr: Oktober bis J\u00e4nner \/ Februar bis Mai \/ Juni bis September), ein Einstieg ist aber jederzeit m\u00f6glich, sofern Kurspl\u00e4tze frei sind. Herzliche Einladung zu einer Probestunde im Manipurahof M\u00fcllendorf oder Online! Aktuelle <a class=\"more-link\" href=\"https:\/\/kos11.server-abheyden-webhosting.de\/?page_id=31\">Weiterlesen\u00a0\u2026<\/a><\/p>\n","protected":false},"author":2,"featured_media":0,"parent":0,"menu_order":0,"comment_status":"closed","ping_status":"closed","template":"","meta":{"footnotes":""},"class_list":["post-31","page","type-page","status-publish","hentry"],"_links":{"self":[{"href":"https:\/\/kos11.server-abheyden-webhosting.de\/index.php?rest_route=\/wp\/v2\/pages\/31","targetHints":{"allow":["GET"]}}],"collection":[{"href":"https:\/\/kos11.server-abheyden-webhosting.de\/index.php?rest_route=\/wp\/v2\/pages"}],"about":[{"href":"https:\/\/kos11.server-abheyden-webhosting.de\/index.php?rest_route=\/wp\/v2\/types\/page"}],"author":[{"embeddable":true,"href":"https:\/\/kos11.server-abheyden-webhosting.de\/index.php?rest_route=\/wp\/v2\/users\/2"}],"replies":[{"embeddable":true,"href":"https:\/\/kos11.server-abheyden-webhosting.de\/index.php?rest_route=%2Fwp%2Fv2%2Fcomments&post=31"}],"version-history":[{"count":24,"href":"https:\/\/kos11.server-abheyden-webhosting.de\/index.php?rest_route=\/wp\/v2\/pages\/31\/revisions"}],"predecessor-version":[{"id":865,"href":"https:\/\/kos11.server-abheyden-webhosting.de\/index.php?rest_route=\/wp\/v2\/pages\/31\/revisions\/865"}],"wp:attachment":[{"href":"https:\/\/kos11.server-abheyden-webhosting.de\/index.php?rest_route=%2Fwp%2Fv2%2Fmedia&parent=31"}],"curies":[{"name":"wp","href":"https:\/\/api.w.org\/{rel}","templated":true}]}}